{"id":5378,"date":"2024-12-04T15:42:45","date_gmt":"2024-12-04T14:42:45","guid":{"rendered":"https:\/\/staging.elesi-luce.com\/fr\/?page_id=5378"},"modified":"2025-04-15T17:56:28","modified_gmt":"2025-04-15T15:56:28","slug":"download-catalogue","status":"publish","type":"page","link":"https:\/\/www.elesi-luce.com\/fr\/download-catalogue\/","title":{"rendered":"Download catalogue"},"content":{"rendered":"\t\t<div data-elementor-type=\"wp-page\" data-elementor-id=\"5378\" class=\"elementor elementor-5378\" data-elementor-post-type=\"page\">\n\t\t\t\t\t\t<section class=\"elementor-section elementor-top-section elementor-element elementor-element-4acba2e elementor-section-boxed elementor-section-height-default elementor-section-height-default\" data-id=\"4acba2e\" data-element_type=\"section\">\n\t\t\t\t\t\t<div class=\"elementor-container elementor-column-gap-no\">\n\t\t\t\t\t<div class=\"elementor-column elementor-col-100 elementor-top-column elementor-element elementor-element-00d08a8\" data-id=\"00d08a8\" data-element_type=\"column\">\n\t\t\t<div class=\"elementor-widget-wrap elementor-element-populated\">\n\t\t\t\t\t\t<div class=\"elementor-element elementor-element-432fc24 elementor-widget elementor-widget-image\" data-id=\"432fc24\" data-element_type=\"widget\" data-widget_type=\"image.default\">\n\t\t\t\t<div class=\"elementor-widget-container\">\n\t\t\t\t\t\t\t\t\t\t\t\t\t<img fetchpriority=\"high\" decoding=\"async\" width=\"2048\" height=\"740\" src=\"https:\/\/www.elesi-luce.com\/fr\/wp-content\/uploads\/sites\/4\/2025\/04\/download_catalogo_banner.jpg\" class=\"attachment-full size-full wp-image-5555\" alt=\"\" srcset=\"https:\/\/www.elesi-luce.com\/fr\/wp-content\/uploads\/sites\/4\/2025\/04\/download_catalogo_banner.jpg 2048w, https:\/\/www.elesi-luce.com\/fr\/wp-content\/uploads\/sites\/4\/2025\/04\/download_catalogo_banner-300x108.jpg 300w, https:\/\/www.elesi-luce.com\/fr\/wp-content\/uploads\/sites\/4\/2025\/04\/download_catalogo_banner-1024x370.jpg 1024w, https:\/\/www.elesi-luce.com\/fr\/wp-content\/uploads\/sites\/4\/2025\/04\/download_catalogo_banner-768x278.jpg 768w, https:\/\/www.elesi-luce.com\/fr\/wp-content\/uploads\/sites\/4\/2025\/04\/download_catalogo_banner-1536x555.jpg 1536w\" sizes=\"(max-width: 2048px) 100vw, 2048px\" \/>\t\t\t\t\t\t\t\t\t\t\t\t\t<\/div>\n\t\t\t\t<\/div>\n\t\t\t\t\t<\/div>\n\t\t<\/div>\n\t\t\t\t\t<\/div>\n\t\t<\/section>\n\t\t\t\t<section class=\"elementor-section elementor-top-section elementor-element elementor-element-ea3b939 elementor-section-boxed elementor-section-height-default elementor-section-height-default\" data-id=\"ea3b939\" data-element_type=\"section\" data-settings=\"{&quot;background_background&quot;:&quot;gradient&quot;}\">\n\t\t\t\t\t\t<div class=\"elementor-container elementor-column-gap-default\">\n\t\t\t\t\t<div class=\"elementor-column elementor-col-100 elementor-top-column elementor-element elementor-element-4b190ee\" data-id=\"4b190ee\" data-element_type=\"column\" data-settings=\"{&quot;background_background&quot;:&quot;gradient&quot;}\">\n\t\t\t<div class=\"elementor-widget-wrap elementor-element-populated\">\n\t\t\t\t\t<div class=\"elementor-background-overlay\"><\/div>\n\t\t\t\t\t\t<section class=\"elementor-section elementor-inner-section elementor-element elementor-element-2b18334 elementor-section-boxed elementor-section-height-default elementor-section-height-default\" data-id=\"2b18334\" data-element_type=\"section\">\n\t\t\t\t\t\t<div class=\"elementor-container elementor-column-gap-default\">\n\t\t\t\t\t<div class=\"elementor-column elementor-col-100 elementor-inner-column elementor-element elementor-element-531a534\" data-id=\"531a534\" data-element_type=\"column\">\n\t\t\t<div class=\"elementor-widget-wrap elementor-element-populated\">\n\t\t\t\t\t\t<div class=\"elementor-element elementor-element-cabb41c elementor-widget elementor-widget-heading\" data-id=\"cabb41c\" data-element_type=\"widget\" data-widget_type=\"heading.default\">\n\t\t\t\t<div class=\"elementor-widget-container\">\n\t\t\t<h1 class=\"elementor-heading-title elementor-size-default\">\u00c9CLAIRAGE COLLECTIONS<\/h1>\t\t<\/div>\n\t\t\t\t<\/div>\n\t\t\t\t<div class=\"elementor-element elementor-element-dc202a5 elementor-widget elementor-widget-heading\" data-id=\"dc202a5\" data-element_type=\"widget\" data-widget_type=\"heading.default\">\n\t\t\t\t<div class=\"elementor-widget-container\">\n\t\t\t<h2 class=\"elementor-heading-title elementor-size-default\">T\u00c9L\u00c9CHARGEZ<\/h2>\t\t<\/div>\n\t\t\t\t<\/div>\n\t\t\t\t<div class=\"elementor-element elementor-element-b118878 elementor-widget elementor-widget-text-editor\" data-id=\"b118878\" data-element_type=\"widget\" data-widget_type=\"text-editor.default\">\n\t\t\t\t<div class=\"elementor-widget-container\">\n\t\t\t\t\t\t\t<p>Pour appr\u00e9cier au mieux la qualit\u00e9 et les d\u00e9tails de nos lampes.<br \/>Vous aurez presque l&rsquo;impression de les toucher\u2026<\/p>\t\t\t\t\t\t<\/div>\n\t\t\t\t<\/div>\n\t\t\t\t\t<\/div>\n\t\t<\/div>\n\t\t\t\t\t<\/div>\n\t\t<\/section>\n\t\t\t\t\t<\/div>\n\t\t<\/div>\n\t\t\t\t\t<\/div>\n\t\t<\/section>\n\t\t\t\t<section class=\"elementor-section elementor-top-section elementor-element elementor-element-fdac5e0 elementor-section-boxed elementor-section-height-default elementor-section-height-default\" data-id=\"fdac5e0\" data-element_type=\"section\" data-settings=\"{&quot;background_background&quot;:&quot;classic&quot;}\">\n\t\t\t\t\t\t<div class=\"elementor-container elementor-column-gap-default\">\n\t\t\t\t\t<div class=\"elementor-column elementor-col-100 elementor-top-column elementor-element elementor-element-3d22790\" data-id=\"3d22790\" data-element_type=\"column\" data-settings=\"{&quot;background_background&quot;:&quot;classic&quot;}\">\n\t\t\t<div class=\"elementor-widget-wrap elementor-element-populated\">\n\t\t\t\t\t\t<div class=\"elementor-element elementor-element-31e4bf1 elementor-widget elementor-widget-image\" data-id=\"31e4bf1\" data-element_type=\"widget\" data-widget_type=\"image.default\">\n\t\t\t\t<div class=\"elementor-widget-container\">\n\t\t\t\t\t\t\t\t\t\t\t\t\t<img decoding=\"async\" src=\"https:\/\/www.elesi-luce.com\/fr\/wp-content\/uploads\/sites\/4\/elementor\/thumbs\/Logo-Elesi-Mandarino-Neg-qxx1mwfkkekhv2sy0ze9mxbeg8zl7zth7u9alb82yo.jpg\" title=\"Logo Elesi Mandarino Neg\" alt=\"Logo Elesi Mandarino Neg\" loading=\"lazy\" \/>\t\t\t\t\t\t\t\t\t\t\t\t\t<\/div>\n\t\t\t\t<\/div>\n\t\t\t\t<section class=\"elementor-section elementor-inner-section elementor-element elementor-element-7c2b94e elementor-section-boxed elementor-section-height-default elementor-section-height-default\" data-id=\"7c2b94e\" data-element_type=\"section\">\n\t\t\t\t\t\t<div class=\"elementor-container elementor-column-gap-default\">\n\t\t\t\t\t<div class=\"elementor-column elementor-col-25 elementor-inner-column elementor-element elementor-element-b91a946\" data-id=\"b91a946\" data-element_type=\"column\">\n\t\t\t<div class=\"elementor-widget-wrap\">\n\t\t\t\t\t\t\t<\/div>\n\t\t<\/div>\n\t\t\t\t<div class=\"elementor-column elementor-col-25 elementor-inner-column elementor-element elementor-element-4694433\" data-id=\"4694433\" data-element_type=\"column\">\n\t\t\t<div class=\"elementor-widget-wrap elementor-element-populated\">\n\t\t\t\t\t\t<div class=\"elementor-element elementor-element-0fa175e elementor-widget elementor-widget-text-editor\" data-id=\"0fa175e\" data-element_type=\"widget\" data-widget_type=\"text-editor.default\">\n\t\t\t\t<div class=\"elementor-widget-container\">\n\t\t\t\t\t\t\t<p style=\"text-align: center;\">CATALOGUE<br \/>2025<\/p>\t\t\t\t\t\t<\/div>\n\t\t\t\t<\/div>\n\t\t\t\t<div class=\"elementor-element elementor-element-e958ae0 elementor-widget elementor-widget-image\" data-id=\"e958ae0\" data-element_type=\"widget\" data-widget_type=\"image.default\">\n\t\t\t\t<div class=\"elementor-widget-container\">\n\t\t\t\t\t\t\t\t\t\t\t\t\t\t<a href=\"https:\/\/www.elesi-luce.com\/wp-content\/uploads\/2025\/04\/elesi_catalogue_-2025.pdf\" target=\"_blank\">\n\t\t\t\t\t\t\t<img decoding=\"async\" width=\"283\" height=\"401\" src=\"https:\/\/www.elesi-luce.com\/fr\/wp-content\/uploads\/sites\/4\/2025\/04\/elesi_catalogue_icon.jpg\" class=\"attachment-large size-large wp-image-5556\" alt=\"\" srcset=\"https:\/\/www.elesi-luce.com\/fr\/wp-content\/uploads\/sites\/4\/2025\/04\/elesi_catalogue_icon.jpg 283w, https:\/\/www.elesi-luce.com\/fr\/wp-content\/uploads\/sites\/4\/2025\/04\/elesi_catalogue_icon-212x300.jpg 212w\" sizes=\"(max-width: 283px) 100vw, 283px\" \/>\t\t\t\t\t\t\t\t<\/a>\n\t\t\t\t\t\t\t\t\t\t\t\t\t<\/div>\n\t\t\t\t<\/div>\n\t\t\t\t<div class=\"elementor-element elementor-element-cfb65a1 elementor-widget elementor-widget-image\" data-id=\"cfb65a1\" data-element_type=\"widget\" data-widget_type=\"image.default\">\n\t\t\t\t<div class=\"elementor-widget-container\">\n\t\t\t\t\t\t\t\t\t\t\t\t\t\t<a href=\"https:\/\/www.elesi-luce.com\/wp-content\/uploads\/2025\/04\/elesi_catalogue_-2025.pdf\" target=\"_blank\">\n\t\t\t\t\t\t\t<img decoding=\"async\" src=\"https:\/\/www.elesi-luce.com\/fr\/wp-content\/uploads\/sites\/4\/elementor\/thumbs\/download-video_orr-orange-qwwcgt1wi0et4q2talcdi1vkr5cbpegeu77t71ecco.png\" title=\"download-video_orr-orange.png\" alt=\"download-video_orr-orange.png\" loading=\"lazy\" \/>\t\t\t\t\t\t\t\t<\/a>\n\t\t\t\t\t\t\t\t\t\t\t\t\t<\/div>\n\t\t\t\t<\/div>\n\t\t\t\t<div class=\"elementor-element elementor-element-e53db8b elementor-widget elementor-widget-text-editor\" data-id=\"e53db8b\" data-element_type=\"widget\" data-widget_type=\"text-editor.default\">\n\t\t\t\t<div class=\"elementor-widget-container\">\n\t\t\t\t\t\t\t<p style=\"text-align: center;\">T\u00c9L\u00c9CHARGEZ PDF<\/p>\t\t\t\t\t\t<\/div>\n\t\t\t\t<\/div>\n\t\t\t\t\t<\/div>\n\t\t<\/div>\n\t\t\t\t<div class=\"elementor-column elementor-col-25 elementor-inner-column elementor-element elementor-element-fa75ded\" data-id=\"fa75ded\" data-element_type=\"column\">\n\t\t\t<div class=\"elementor-widget-wrap\">\n\t\t\t\t\t\t\t<\/div>\n\t\t<\/div>\n\t\t\t\t<div class=\"elementor-column elementor-col-25 elementor-inner-column elementor-element elementor-element-9081fb8\" data-id=\"9081fb8\" data-element_type=\"column\">\n\t\t\t<div class=\"elementor-widget-wrap\">\n\t\t\t\t\t\t\t<\/div>\n\t\t<\/div>\n\t\t\t\t\t<\/div>\n\t\t<\/section>\n\t\t\t\t\t<\/div>\n\t\t<\/div>\n\t\t\t\t\t<\/div>\n\t\t<\/section>\n\t\t\t\t<\/div>\n\t\t","protected":false},"excerpt":{"rendered":"<p>\u00c9CLAIRAGE COLLECTIONS T\u00c9L\u00c9CHARGEZ Pour appr\u00e9cier au mieux la qualit\u00e9 et les d\u00e9tails de nos lampes.Vous aurez presque l&rsquo;impression de les toucher\u2026 CATALOGUE2025 T\u00c9L\u00c9CHARGEZ PDF<\/p>\n","protected":false},"author":1,"featured_media":0,"parent":0,"menu_order":0,"comment_status":"closed","ping_status":"closed","template":"elementor_header_footer","meta":{"footnotes":""},"class_list":["post-5378","page","type-page","status-publish"],"yoast_head":"<!-- This site is optimized with the Yoast SEO plugin v23.8 - https:\/\/yoast.com\/wordpress\/plugins\/seo\/ -->\n<title>Lighting collections - Elesi Luce<\/title>\n<meta name=\"description\" content=\"Lighting collections made in Italy: download the videos of our LED lamps to appreciate the quality craftsmanship\" \/>\n<meta name=\"robots\" content=\"index, follow, max-snippet:-1, max-image-preview:large, max-video-preview:-1\" \/>\n<link rel=\"canonical\" href=\"https:\/\/www.elesi-luce.com\/fr\/download-catalogue\/\" \/>\n<meta property=\"og:locale\" content=\"fr_FR\" \/>\n<meta property=\"og:type\" content=\"article\" \/>\n<meta property=\"og:title\" content=\"Lighting collections - Elesi Luce\" \/>\n<meta property=\"og:description\" content=\"Lighting collections made in Italy: download the videos of our LED lamps to appreciate the quality craftsmanship\" \/>\n<meta property=\"og:url\" content=\"https:\/\/www.elesi-luce.com\/fr\/download-catalogue\/\" \/>\n<meta property=\"og:site_name\" content=\"Elesi Luce\" \/>\n<meta property=\"article:modified_time\" content=\"2025-04-15T15:56:28+00:00\" \/>\n<meta property=\"og:image\" content=\"https:\/\/www.elesi-luce.com\/fr\/wp-content\/uploads\/sites\/4\/2025\/04\/download_catalogo_banner.jpg\" \/>\n\t<meta property=\"og:image:width\" content=\"2048\" \/>\n\t<meta property=\"og:image:height\" content=\"740\" \/>\n\t<meta property=\"og:image:type\" content=\"image\/jpeg\" \/>\n<meta name=\"twitter:card\" content=\"summary_large_image\" \/>\n<meta name=\"twitter:label1\" content=\"Dur\u00e9e de lecture estim\u00e9e\" \/>\n\t<meta name=\"twitter:data1\" content=\"1 minute\" \/>\n<script type=\"application\/ld+json\" class=\"yoast-schema-graph\">{\"@context\":\"https:\/\/schema.org\",\"@graph\":[{\"@type\":\"WebPage\",\"@id\":\"https:\/\/www.elesi-luce.com\/fr\/download-catalogue\/\",\"url\":\"https:\/\/www.elesi-luce.com\/fr\/download-catalogue\/\",\"name\":\"Lighting collections - Elesi Luce\",\"isPartOf\":{\"@id\":\"https:\/\/www.elesi-luce.com\/fr\/#website\"},\"primaryImageOfPage\":{\"@id\":\"https:\/\/www.elesi-luce.com\/fr\/download-catalogue\/#primaryimage\"},\"image\":{\"@id\":\"https:\/\/www.elesi-luce.com\/fr\/download-catalogue\/#primaryimage\"},\"thumbnailUrl\":\"https:\/\/www.elesi-luce.com\/fr\/wp-content\/uploads\/sites\/4\/2025\/04\/download_catalogo_banner.jpg\",\"datePublished\":\"2024-12-04T14:42:45+00:00\",\"dateModified\":\"2025-04-15T15:56:28+00:00\",\"description\":\"Lighting collections made in Italy: download the videos of our LED lamps to appreciate the quality craftsmanship\",\"breadcrumb\":{\"@id\":\"https:\/\/www.elesi-luce.com\/fr\/download-catalogue\/#breadcrumb\"},\"inLanguage\":\"fr-FR\",\"potentialAction\":[{\"@type\":\"ReadAction\",\"target\":[\"https:\/\/www.elesi-luce.com\/fr\/download-catalogue\/\"]}]},{\"@type\":\"ImageObject\",\"inLanguage\":\"fr-FR\",\"@id\":\"https:\/\/www.elesi-luce.com\/fr\/download-catalogue\/#primaryimage\",\"url\":\"https:\/\/www.elesi-luce.com\/fr\/wp-content\/uploads\/sites\/4\/2025\/04\/download_catalogo_banner.jpg\",\"contentUrl\":\"https:\/\/www.elesi-luce.com\/fr\/wp-content\/uploads\/sites\/4\/2025\/04\/download_catalogo_banner.jpg\",\"width\":2048,\"height\":740},{\"@type\":\"BreadcrumbList\",\"@id\":\"https:\/\/www.elesi-luce.com\/fr\/download-catalogue\/#breadcrumb\",\"itemListElement\":[{\"@type\":\"ListItem\",\"position\":1,\"name\":\"Home\",\"item\":\"https:\/\/www.elesi-luce.com\/fr\/\"},{\"@type\":\"ListItem\",\"position\":2,\"name\":\"Download catalogue\"}]},{\"@type\":\"WebSite\",\"@id\":\"https:\/\/www.elesi-luce.com\/fr\/#website\",\"url\":\"https:\/\/www.elesi-luce.com\/fr\/\",\"name\":\"Elesi Luce\",\"description\":\"Handcrafted production of designer lamps\",\"publisher\":{\"@id\":\"https:\/\/www.elesi-luce.com\/fr\/#organization\"},\"potentialAction\":[{\"@type\":\"SearchAction\",\"target\":{\"@type\":\"EntryPoint\",\"urlTemplate\":\"https:\/\/www.elesi-luce.com\/fr\/?s={search_term_string}\"},\"query-input\":{\"@type\":\"PropertyValueSpecification\",\"valueRequired\":true,\"valueName\":\"search_term_string\"}}],\"inLanguage\":\"fr-FR\"},{\"@type\":\"Organization\",\"@id\":\"https:\/\/www.elesi-luce.com\/fr\/#organization\",\"name\":\"Elesi Luce\",\"url\":\"https:\/\/www.elesi-luce.com\/fr\/\",\"logo\":{\"@type\":\"ImageObject\",\"inLanguage\":\"fr-FR\",\"@id\":\"https:\/\/www.elesi-luce.com\/fr\/#\/schema\/logo\/image\/\",\"url\":\"https:\/\/www.elesi-luce.com\/fr\/wp-content\/uploads\/sites\/4\/2021\/09\/ELESI-LUCE-logo.png\",\"contentUrl\":\"https:\/\/www.elesi-luce.com\/fr\/wp-content\/uploads\/sites\/4\/2021\/09\/ELESI-LUCE-logo.png\",\"width\":250,\"height\":54,\"caption\":\"Elesi Luce\"},\"image\":{\"@id\":\"https:\/\/www.elesi-luce.com\/fr\/#\/schema\/logo\/image\/\"}}]}<\/script>\n<!-- \/ Yoast SEO plugin. -->","yoast_head_json":{"title":"Lighting collections - Elesi Luce","description":"Lighting collections made in Italy: download the videos of our LED lamps to appreciate the quality craftsmanship","robots":{"index":"index","follow":"follow","max-snippet":"max-snippet:-1","max-image-preview":"max-image-preview:large","max-video-preview":"max-video-preview:-1"},"canonical":"https:\/\/www.elesi-luce.com\/fr\/download-catalogue\/","og_locale":"fr_FR","og_type":"article","og_title":"Lighting collections - Elesi Luce","og_description":"Lighting collections made in Italy: download the videos of our LED lamps to appreciate the quality craftsmanship","og_url":"https:\/\/www.elesi-luce.com\/fr\/download-catalogue\/","og_site_name":"Elesi Luce","article_modified_time":"2025-04-15T15:56:28+00:00","og_image":[{"width":2048,"height":740,"url":"https:\/\/www.elesi-luce.com\/fr\/wp-content\/uploads\/sites\/4\/2025\/04\/download_catalogo_banner.jpg","type":"image\/jpeg"}],"twitter_card":"summary_large_image","twitter_misc":{"Dur\u00e9e de lecture estim\u00e9e":"1 minute"},"schema":{"@context":"https:\/\/schema.org","@graph":[{"@type":"WebPage","@id":"https:\/\/www.elesi-luce.com\/fr\/download-catalogue\/","url":"https:\/\/www.elesi-luce.com\/fr\/download-catalogue\/","name":"Lighting collections - Elesi Luce","isPartOf":{"@id":"https:\/\/www.elesi-luce.com\/fr\/#website"},"primaryImageOfPage":{"@id":"https:\/\/www.elesi-luce.com\/fr\/download-catalogue\/#primaryimage"},"image":{"@id":"https:\/\/www.elesi-luce.com\/fr\/download-catalogue\/#primaryimage"},"thumbnailUrl":"https:\/\/www.elesi-luce.com\/fr\/wp-content\/uploads\/sites\/4\/2025\/04\/download_catalogo_banner.jpg","datePublished":"2024-12-04T14:42:45+00:00","dateModified":"2025-04-15T15:56:28+00:00","description":"Lighting collections made in Italy: download the videos of our LED lamps to appreciate the quality craftsmanship","breadcrumb":{"@id":"https:\/\/www.elesi-luce.com\/fr\/download-catalogue\/#breadcrumb"},"inLanguage":"fr-FR","potentialAction":[{"@type":"ReadAction","target":["https:\/\/www.elesi-luce.com\/fr\/download-catalogue\/"]}]},{"@type":"ImageObject","inLanguage":"fr-FR","@id":"https:\/\/www.elesi-luce.com\/fr\/download-catalogue\/#primaryimage","url":"https:\/\/www.elesi-luce.com\/fr\/wp-content\/uploads\/sites\/4\/2025\/04\/download_catalogo_banner.jpg","contentUrl":"https:\/\/www.elesi-luce.com\/fr\/wp-content\/uploads\/sites\/4\/2025\/04\/download_catalogo_banner.jpg","width":2048,"height":740},{"@type":"BreadcrumbList","@id":"https:\/\/www.elesi-luce.com\/fr\/download-catalogue\/#breadcrumb","itemListElement":[{"@type":"ListItem","position":1,"name":"Home","item":"https:\/\/www.elesi-luce.com\/fr\/"},{"@type":"ListItem","position":2,"name":"Download catalogue"}]},{"@type":"WebSite","@id":"https:\/\/www.elesi-luce.com\/fr\/#website","url":"https:\/\/www.elesi-luce.com\/fr\/","name":"Elesi Luce","description":"Handcrafted production of designer lamps","publisher":{"@id":"https:\/\/www.elesi-luce.com\/fr\/#organization"},"potentialAction":[{"@type":"SearchAction","target":{"@type":"EntryPoint","urlTemplate":"https:\/\/www.elesi-luce.com\/fr\/?s={search_term_string}"},"query-input":{"@type":"PropertyValueSpecification","valueRequired":true,"valueName":"search_term_string"}}],"inLanguage":"fr-FR"},{"@type":"Organization","@id":"https:\/\/www.elesi-luce.com\/fr\/#organization","name":"Elesi Luce","url":"https:\/\/www.elesi-luce.com\/fr\/","logo":{"@type":"ImageObject","inLanguage":"fr-FR","@id":"https:\/\/www.elesi-luce.com\/fr\/#\/schema\/logo\/image\/","url":"https:\/\/www.elesi-luce.com\/fr\/wp-content\/uploads\/sites\/4\/2021\/09\/ELESI-LUCE-logo.png","contentUrl":"https:\/\/www.elesi-luce.com\/fr\/wp-content\/uploads\/sites\/4\/2021\/09\/ELESI-LUCE-logo.png","width":250,"height":54,"caption":"Elesi Luce"},"image":{"@id":"https:\/\/www.elesi-luce.com\/fr\/#\/schema\/logo\/image\/"}}]}},"_links":{"self":[{"href":"https:\/\/www.elesi-luce.com\/fr\/wp-json\/wp\/v2\/pages\/5378","targetHints":{"allow":["GET"]}}],"collection":[{"href":"https:\/\/www.elesi-luce.com\/fr\/wp-json\/wp\/v2\/pages"}],"about":[{"href":"https:\/\/www.elesi-luce.com\/fr\/wp-json\/wp\/v2\/types\/page"}],"author":[{"embeddable":true,"href":"https:\/\/www.elesi-luce.com\/fr\/wp-json\/wp\/v2\/users\/1"}],"replies":[{"embeddable":true,"href":"https:\/\/www.elesi-luce.com\/fr\/wp-json\/wp\/v2\/comments?post=5378"}],"version-history":[{"count":24,"href":"https:\/\/www.elesi-luce.com\/fr\/wp-json\/wp\/v2\/pages\/5378\/revisions"}],"predecessor-version":[{"id":5559,"href":"https:\/\/www.elesi-luce.com\/fr\/wp-json\/wp\/v2\/pages\/5378\/revisions\/5559"}],"wp:attachment":[{"href":"https:\/\/www.elesi-luce.com\/fr\/wp-json\/wp\/v2\/media?parent=5378"}],"curies":[{"name":"wp","href":"https:\/\/api.w.org\/{rel}","templated":true}]}}