{"id":5243,"date":"2024-11-25T17:25:49","date_gmt":"2024-11-25T16:25:49","guid":{"rendered":"https:\/\/staging.elesi-luce.com\/fr\/?page_id=5243"},"modified":"2025-08-06T10:17:59","modified_gmt":"2025-08-06T08:17:59","slug":"espace-reserve","status":"publish","type":"page","link":"https:\/\/www.elesi-luce.com\/fr\/espace-reserve\/","title":{"rendered":"Espace r\u00e9serv\u00e9"},"content":{"rendered":"<p><span class=\"wppb-frontend-restriction-message wppb-content-restriction-message\"><\/p>\n<p>Pour acc\u00e9der \u00e0 l'espace r\u00e9serv\u00e9, vous devez demander les identifiants de connexion \u00e0 Elesi Luce. <a href=\"https:\/\/www.elesi-luce.com\/fr\/demande-dacces-a-lespace-reserve\/\">Demandez-les maintenant.<\/a> \u00a0 Avez-vous d\u00e9j\u00e0 des identifiants ? Connectez-vous ci-dessous. <div id=\"wppb-login-wrap\" class=\"wppb-user-forms\">\n\t\t<form name=\"wppb-loginform\" id=\"wppb-loginform\" action=\"https:\/\/www.elesi-luce.com\/fr\/wp-json\/wp\/v2\/pages\/5243\" method=\"post\">\n\t\t\t\n\t\t\t<p class=\"wppb-form-field login-username\">\n\t\t\t\t<label for=\"user_login\">Username or Email<\/label>\n\t\t\t\t<input type=\"text\" name=\"log\" id=\"user_login\" class=\"input\" value=\"\" size=\"20\" \/>\n\t\t\t<\/p>\n\t\t\t<p class=\"wppb-form-field login-password\">\n\t\t\t\t<label for=\"user_pass\">Password<\/label>\n\t\t\t\t<input type=\"password\" name=\"pwd\" id=\"user_pass\" class=\"input\" value=\"\" size=\"20\" \/>\n\t\t\t<\/p>\n\t\t\t\n\t\t\t<p class=\"wppb-form-field login-remember\"><input name=\"rememberme\" type=\"checkbox\" id=\"rememberme\" value=\"forever\" \/><label for=\"rememberme\">Remember Me<\/label><\/p>\n\t\t\t<p class=\"login-submit\">\n\t\t\t\t<input type=\"submit\" name=\"wp-submit\" id=\"wppb-submit\" class=\"button button-primary\" value=\"Log In\" \/>\n\t\t\t\t<input type=\"hidden\" name=\"redirect_to\" value=\"https:\/\/www.elesi-luce.com\/fr\/wp-json\/wp\/v2\/pages\/5243\" \/>\n\t\t\t<\/p>\n\t\t\t<input type=\"hidden\" name=\"wppb_login\" value=\"true\"\/>\n\t\t\t<input type=\"hidden\" name=\"wppb_form_location\" value=\"widget\"\/>\n\t\t\t<input type=\"hidden\" name=\"wppb_request_url\" value=\"https:\/\/www.elesi-luce.com\/fr\/wp-json\/wp\/v2\/pages\/5243\"\/>\n\t\t\t<input type=\"hidden\" name=\"wppb_lostpassword_url\" value=\"\"\/>\n\t\t\t<input type=\"hidden\" name=\"wppb_redirect_priority\" value=\"\"\/>\n\t\t\t<input type=\"hidden\" name=\"wppb_referer_url\" value=\"\"\/>\n\t\t\t<input type=\"hidden\" id=\"CSRFToken-wppb\" name=\"CSRFToken-wppb\" value=\"bcbfaafc7c\" \/><input type=\"hidden\" name=\"_wp_http_referer\" value=\"\/fr\/wp-json\/wp\/v2\/pages\/5243\" \/>\n\t\t\t<input type=\"hidden\" name=\"wppb_redirect_check\" value=\"true\"\/>\n\t\t\t\n\t\t<\/form><\/div><\/p>\n<p><\/span><\/p>\n","protected":false},"excerpt":{"rendered":"<p>Pour acc\u00e9der \u00e0 l&rsquo;espace r\u00e9serv\u00e9, vous devez demander les identifiants de connexion \u00e0 Elesi Luce. Demandez-les maintenant. \u00a0 Avez-vous d\u00e9j\u00e0 des identifiants ? Connectez-vous ci-dessous. Username or Email Password Remember Me<\/p>\n","protected":false},"author":1,"featured_media":0,"parent":0,"menu_order":0,"comment_status":"closed","ping_status":"closed","template":"elementor_theme","meta":{"footnotes":""},"class_list":["post-5243","page","type-page","status-publish"],"yoast_head":"<!-- This site is optimized with the Yoast SEO plugin v23.8 - https:\/\/yoast.com\/wordpress\/plugins\/seo\/ -->\n<title>Espace r\u00e9serv\u00e9 - Elesi Luce<\/title>\n<meta name=\"robots\" content=\"index, follow, max-snippet:-1, max-image-preview:large, max-video-preview:-1\" \/>\n<link rel=\"canonical\" href=\"https:\/\/www.elesi-luce.com\/fr\/espace-reserve\/\" \/>\n<meta property=\"og:locale\" content=\"fr_FR\" \/>\n<meta property=\"og:type\" content=\"article\" \/>\n<meta property=\"og:title\" content=\"Espace r\u00e9serv\u00e9 - Elesi Luce\" \/>\n<meta property=\"og:description\" content=\"Pour acc\u00e9der \u00e0 l&#039;espace r\u00e9serv\u00e9, vous devez demander les identifiants de connexion \u00e0 Elesi Luce. Demandez-les maintenant. \u00a0 Avez-vous d\u00e9j\u00e0 des identifiants ? Connectez-vous ci-dessous. Username or Email Password Remember Me\" \/>\n<meta property=\"og:url\" content=\"https:\/\/www.elesi-luce.com\/fr\/espace-reserve\/\" \/>\n<meta property=\"og:site_name\" content=\"Elesi Luce\" \/>\n<meta property=\"article:modified_time\" content=\"2025-08-06T08:17:59+00:00\" \/>\n<meta name=\"twitter:card\" content=\"summary_large_image\" \/>\n<meta name=\"twitter:label1\" content=\"Dur\u00e9e de lecture estim\u00e9e\" \/>\n\t<meta name=\"twitter:data1\" content=\"1 minute\" \/>\n<script type=\"application\/ld+json\" class=\"yoast-schema-graph\">{\"@context\":\"https:\/\/schema.org\",\"@graph\":[{\"@type\":\"WebPage\",\"@id\":\"https:\/\/www.elesi-luce.com\/fr\/espace-reserve\/\",\"url\":\"https:\/\/www.elesi-luce.com\/fr\/espace-reserve\/\",\"name\":\"Espace r\u00e9serv\u00e9 - Elesi Luce\",\"isPartOf\":{\"@id\":\"https:\/\/www.elesi-luce.com\/fr\/#website\"},\"datePublished\":\"2024-11-25T16:25:49+00:00\",\"dateModified\":\"2025-08-06T08:17:59+00:00\",\"breadcrumb\":{\"@id\":\"https:\/\/www.elesi-luce.com\/fr\/espace-reserve\/#breadcrumb\"},\"inLanguage\":\"fr-FR\",\"potentialAction\":[{\"@type\":\"ReadAction\",\"target\":[\"https:\/\/www.elesi-luce.com\/fr\/espace-reserve\/\"]}]},{\"@type\":\"BreadcrumbList\",\"@id\":\"https:\/\/www.elesi-luce.com\/fr\/espace-reserve\/#breadcrumb\",\"itemListElement\":[{\"@type\":\"ListItem\",\"position\":1,\"name\":\"Home\",\"item\":\"https:\/\/www.elesi-luce.com\/fr\/\"},{\"@type\":\"ListItem\",\"position\":2,\"name\":\"Espace r\u00e9serv\u00e9\"}]},{\"@type\":\"WebSite\",\"@id\":\"https:\/\/www.elesi-luce.com\/fr\/#website\",\"url\":\"https:\/\/www.elesi-luce.com\/fr\/\",\"name\":\"Elesi Luce\",\"description\":\"Handcrafted production of designer lamps\",\"publisher\":{\"@id\":\"https:\/\/www.elesi-luce.com\/fr\/#organization\"},\"potentialAction\":[{\"@type\":\"SearchAction\",\"target\":{\"@type\":\"EntryPoint\",\"urlTemplate\":\"https:\/\/www.elesi-luce.com\/fr\/?s={search_term_string}\"},\"query-input\":{\"@type\":\"PropertyValueSpecification\",\"valueRequired\":true,\"valueName\":\"search_term_string\"}}],\"inLanguage\":\"fr-FR\"},{\"@type\":\"Organization\",\"@id\":\"https:\/\/www.elesi-luce.com\/fr\/#organization\",\"name\":\"Elesi Luce\",\"url\":\"https:\/\/www.elesi-luce.com\/fr\/\",\"logo\":{\"@type\":\"ImageObject\",\"inLanguage\":\"fr-FR\",\"@id\":\"https:\/\/www.elesi-luce.com\/fr\/#\/schema\/logo\/image\/\",\"url\":\"https:\/\/www.elesi-luce.com\/fr\/wp-content\/uploads\/sites\/4\/2021\/09\/ELESI-LUCE-logo.png\",\"contentUrl\":\"https:\/\/www.elesi-luce.com\/fr\/wp-content\/uploads\/sites\/4\/2021\/09\/ELESI-LUCE-logo.png\",\"width\":250,\"height\":54,\"caption\":\"Elesi Luce\"},\"image\":{\"@id\":\"https:\/\/www.elesi-luce.com\/fr\/#\/schema\/logo\/image\/\"}}]}<\/script>\n<!-- \/ Yoast SEO plugin. -->","yoast_head_json":{"title":"Espace r\u00e9serv\u00e9 - Elesi Luce","robots":{"index":"index","follow":"follow","max-snippet":"max-snippet:-1","max-image-preview":"max-image-preview:large","max-video-preview":"max-video-preview:-1"},"canonical":"https:\/\/www.elesi-luce.com\/fr\/espace-reserve\/","og_locale":"fr_FR","og_type":"article","og_title":"Espace r\u00e9serv\u00e9 - Elesi Luce","og_description":"Pour acc\u00e9der \u00e0 l'espace r\u00e9serv\u00e9, vous devez demander les identifiants de connexion \u00e0 Elesi Luce. Demandez-les maintenant. \u00a0 Avez-vous d\u00e9j\u00e0 des identifiants ? Connectez-vous ci-dessous. Username or Email Password Remember Me","og_url":"https:\/\/www.elesi-luce.com\/fr\/espace-reserve\/","og_site_name":"Elesi Luce","article_modified_time":"2025-08-06T08:17:59+00:00","twitter_card":"summary_large_image","twitter_misc":{"Dur\u00e9e de lecture estim\u00e9e":"1 minute"},"schema":{"@context":"https:\/\/schema.org","@graph":[{"@type":"WebPage","@id":"https:\/\/www.elesi-luce.com\/fr\/espace-reserve\/","url":"https:\/\/www.elesi-luce.com\/fr\/espace-reserve\/","name":"Espace r\u00e9serv\u00e9 - Elesi Luce","isPartOf":{"@id":"https:\/\/www.elesi-luce.com\/fr\/#website"},"datePublished":"2024-11-25T16:25:49+00:00","dateModified":"2025-08-06T08:17:59+00:00","breadcrumb":{"@id":"https:\/\/www.elesi-luce.com\/fr\/espace-reserve\/#breadcrumb"},"inLanguage":"fr-FR","potentialAction":[{"@type":"ReadAction","target":["https:\/\/www.elesi-luce.com\/fr\/espace-reserve\/"]}]},{"@type":"BreadcrumbList","@id":"https:\/\/www.elesi-luce.com\/fr\/espace-reserve\/#breadcrumb","itemListElement":[{"@type":"ListItem","position":1,"name":"Home","item":"https:\/\/www.elesi-luce.com\/fr\/"},{"@type":"ListItem","position":2,"name":"Espace r\u00e9serv\u00e9"}]},{"@type":"WebSite","@id":"https:\/\/www.elesi-luce.com\/fr\/#website","url":"https:\/\/www.elesi-luce.com\/fr\/","name":"Elesi Luce","description":"Handcrafted production of designer lamps","publisher":{"@id":"https:\/\/www.elesi-luce.com\/fr\/#organization"},"potentialAction":[{"@type":"SearchAction","target":{"@type":"EntryPoint","urlTemplate":"https:\/\/www.elesi-luce.com\/fr\/?s={search_term_string}"},"query-input":{"@type":"PropertyValueSpecification","valueRequired":true,"valueName":"search_term_string"}}],"inLanguage":"fr-FR"},{"@type":"Organization","@id":"https:\/\/www.elesi-luce.com\/fr\/#organization","name":"Elesi Luce","url":"https:\/\/www.elesi-luce.com\/fr\/","logo":{"@type":"ImageObject","inLanguage":"fr-FR","@id":"https:\/\/www.elesi-luce.com\/fr\/#\/schema\/logo\/image\/","url":"https:\/\/www.elesi-luce.com\/fr\/wp-content\/uploads\/sites\/4\/2021\/09\/ELESI-LUCE-logo.png","contentUrl":"https:\/\/www.elesi-luce.com\/fr\/wp-content\/uploads\/sites\/4\/2021\/09\/ELESI-LUCE-logo.png","width":250,"height":54,"caption":"Elesi Luce"},"image":{"@id":"https:\/\/www.elesi-luce.com\/fr\/#\/schema\/logo\/image\/"}}]}},"_links":{"self":[{"href":"https:\/\/www.elesi-luce.com\/fr\/wp-json\/wp\/v2\/pages\/5243","targetHints":{"allow":["GET"]}}],"collection":[{"href":"https:\/\/www.elesi-luce.com\/fr\/wp-json\/wp\/v2\/pages"}],"about":[{"href":"https:\/\/www.elesi-luce.com\/fr\/wp-json\/wp\/v2\/types\/page"}],"author":[{"embeddable":true,"href":"https:\/\/www.elesi-luce.com\/fr\/wp-json\/wp\/v2\/users\/1"}],"replies":[{"embeddable":true,"href":"https:\/\/www.elesi-luce.com\/fr\/wp-json\/wp\/v2\/comments?post=5243"}],"version-history":[{"count":4,"href":"https:\/\/www.elesi-luce.com\/fr\/wp-json\/wp\/v2\/pages\/5243\/revisions"}],"predecessor-version":[{"id":5866,"href":"https:\/\/www.elesi-luce.com\/fr\/wp-json\/wp\/v2\/pages\/5243\/revisions\/5866"}],"wp:attachment":[{"href":"https:\/\/www.elesi-luce.com\/fr\/wp-json\/wp\/v2\/media?parent=5243"}],"curies":[{"name":"wp","href":"https:\/\/api.w.org\/{rel}","templated":true}]}}