{"id":2309,"date":"2021-10-20T14:06:10","date_gmt":"2021-10-20T14:06:10","guid":{"rendered":"https:\/\/www.elesi-luce.com\/en\/?page_id=2309"},"modified":"2025-02-03T17:54:35","modified_gmt":"2025-02-03T16:54:35","slug":"contact-us","status":"publish","type":"page","link":"https:\/\/www.elesi-luce.com\/fr\/contact-us\/","title":{"rendered":"Contact us"},"content":{"rendered":"\t\t<div data-elementor-type=\"wp-page\" data-elementor-id=\"2309\" class=\"elementor elementor-2309\" data-elementor-post-type=\"page\">\n\t\t\t\t\t\t<section class=\"elementor-section elementor-top-section elementor-element elementor-element-7f3b957 elementor-section-boxed elementor-section-height-default elementor-section-height-default\" data-id=\"7f3b957\" data-element_type=\"section\">\n\t\t\t\t\t\t<div class=\"elementor-container elementor-column-gap-default\">\n\t\t\t\t\t<div class=\"elementor-column elementor-col-50 elementor-top-column elementor-element elementor-element-08ff93e\" data-id=\"08ff93e\" data-element_type=\"column\">\n\t\t\t<div class=\"elementor-widget-wrap elementor-element-populated\">\n\t\t\t\t\t\t<div class=\"elementor-element elementor-element-f0fc521 elementor-widget elementor-widget-heading\" data-id=\"f0fc521\" data-element_type=\"widget\" data-widget_type=\"heading.default\">\n\t\t\t\t<div class=\"elementor-widget-container\">\n\t\t\t<p class=\"elementor-heading-title elementor-size-default\">Venez nous rendre visite ou contactez-nous<\/p>\t\t<\/div>\n\t\t\t\t<\/div>\n\t\t\t\t\t<\/div>\n\t\t<\/div>\n\t\t\t\t<div class=\"elementor-column elementor-col-50 elementor-top-column elementor-element elementor-element-4f4c5ba\" data-id=\"4f4c5ba\" data-element_type=\"column\">\n\t\t\t<div class=\"elementor-widget-wrap\">\n\t\t\t\t\t\t\t<\/div>\n\t\t<\/div>\n\t\t\t\t\t<\/div>\n\t\t<\/section>\n\t\t\t\t<section class=\"elementor-section elementor-top-section elementor-element elementor-element-6bc0fb3 elementor-section-boxed elementor-section-height-default elementor-section-height-default\" data-id=\"6bc0fb3\" data-element_type=\"section\">\n\t\t\t\t\t\t<div class=\"elementor-container elementor-column-gap-no\">\n\t\t\t\t\t<div class=\"elementor-column elementor-col-100 elementor-top-column elementor-element elementor-element-e9f0d87\" data-id=\"e9f0d87\" data-element_type=\"column\">\n\t\t\t<div class=\"elementor-widget-wrap elementor-element-populated\">\n\t\t\t\t\t\t<div class=\"elementor-element elementor-element-07d2007 elementor-widget elementor-widget-google_maps\" data-id=\"07d2007\" data-element_type=\"widget\" data-widget_type=\"google_maps.default\">\n\t\t\t\t<div class=\"elementor-widget-container\">\n\t\t\t\t\t<div class=\"elementor-custom-embed\">\n\t\t\t<iframe loading=\"lazy\"\n\t\t\t\t\tsrc=\"https:\/\/maps.google.com\/maps?q=Elesi%20Luce&#038;t=m&#038;z=10&#038;output=embed&#038;iwloc=near\"\n\t\t\t\t\ttitle=\"Elesi Luce\"\n\t\t\t\t\taria-label=\"Elesi Luce\"\n\t\t\t><\/iframe>\n\t\t<\/div>\n\t\t\t\t<\/div>\n\t\t\t\t<\/div>\n\t\t\t\t\t<\/div>\n\t\t<\/div>\n\t\t\t\t\t<\/div>\n\t\t<\/section>\n\t\t\t\t<section class=\"elementor-section elementor-top-section elementor-element elementor-element-15d199b elementor-section-boxed elementor-section-height-default elementor-section-height-default\" data-id=\"15d199b\" data-element_type=\"section\">\n\t\t\t\t\t\t<div class=\"elementor-container elementor-column-gap-default\">\n\t\t\t\t\t<div class=\"elementor-column elementor-col-100 elementor-top-column elementor-element elementor-element-c8a22bb\" data-id=\"c8a22bb\" data-element_type=\"column\">\n\t\t\t<div class=\"elementor-widget-wrap elementor-element-populated\">\n\t\t\t\t\t\t<div class=\"elementor-element elementor-element-6f4865d elementor-widget elementor-widget-text-editor\" data-id=\"6f4865d\" data-element_type=\"widget\" data-widget_type=\"text-editor.default\">\n\t\t\t\t<div class=\"elementor-widget-container\">\n\t\t\t\t\t\t\t<p>Remplissez le formulaire pour toute demande. Nous serons ravis de vous r\u00e9pondre.<\/p>\t\t\t\t\t\t<\/div>\n\t\t\t\t<\/div>\n\t\t\t\t<div class=\"elementor-element elementor-element-17fd41f elementor-widget elementor-widget-shortcode\" data-id=\"17fd41f\" data-element_type=\"widget\" data-widget_type=\"shortcode.default\">\n\t\t\t\t<div class=\"elementor-widget-container\">\n\t\t\t\t\t<div class=\"elementor-shortcode\">\n<div class=\"wpcf7 no-js\" id=\"wpcf7-f5520-o1\" lang=\"fr-FR\" dir=\"ltr\" data-wpcf7-id=\"5520\">\n<div class=\"screen-reader-response\"><p role=\"status\" aria-live=\"polite\" aria-atomic=\"true\"><\/p> <ul><\/ul><\/div>\n<form action=\"\/fr\/wp-json\/wp\/v2\/pages\/2309#wpcf7-f5520-o1\" method=\"post\" class=\"wpcf7-form init\" aria-label=\"Formulaire de contact\" novalidate=\"novalidate\" data-status=\"init\">\n<div style=\"display: none;\">\n<input type=\"hidden\" name=\"_wpcf7\" value=\"5520\" \/>\n<input type=\"hidden\" name=\"_wpcf7_version\" value=\"6.0.3\" \/>\n<input type=\"hidden\" name=\"_wpcf7_locale\" value=\"fr_FR\" \/>\n<input type=\"hidden\" name=\"_wpcf7_unit_tag\" value=\"wpcf7-f5520-o1\" \/>\n<input type=\"hidden\" name=\"_wpcf7_container_post\" value=\"0\" \/>\n<input type=\"hidden\" name=\"_wpcf7_posted_data_hash\" value=\"\" \/>\n<\/div>\n<div class=\"row-o2000-50\">\n\t<p>Nom<br \/>\n<span class=\"wpcf7-form-control-wrap\" data-name=\"your-name\"><input size=\"40\" maxlength=\"400\" class=\"wpcf7-form-control wpcf7-text wpcf7-validates-as-required\" autocomplete=\"name\" aria-required=\"true\" aria-invalid=\"false\" value=\"\" type=\"text\" name=\"your-name\" \/><\/span>\n\t<\/p>\n<\/div>\n<div class=\"row-o2000-50\">\n\t<p>Pr\u00e9nom<br \/>\n<span class=\"wpcf7-form-control-wrap\" data-name=\"your-surname\"><input size=\"40\" maxlength=\"400\" class=\"wpcf7-form-control wpcf7-text wpcf7-validates-as-required\" aria-required=\"true\" aria-invalid=\"false\" value=\"\" type=\"text\" name=\"your-surname\" \/><\/span>\n\t<\/p>\n<\/div>\n<div class=\"row-o2000-50\">\n\t<p>Choisissez votre pays<br \/>\n<span class=\"wpcf7-form-control-wrap\" data-name=\"your-state\"><select class=\"wpcf7-form-control wpcf7-select\" aria-invalid=\"false\" name=\"your-state\"><option value=\"Albanie\">Albanie<\/option><option value=\"Arm\u00e9nie\">Arm\u00e9nie<\/option><option value=\"Autriche\">Autriche<\/option><option value=\"Bahre\u00efn\">Bahre\u00efn<\/option><option value=\"Belgique\">Belgique<\/option><option value=\"Bulgarie\">Bulgarie<\/option><option value=\"Chine\">Chine<\/option><option value=\"Chypre\">Chypre<\/option><option value=\"Croatie\">Croatie<\/option><option value=\"Egypte\">Egypte<\/option><option value=\"\u00c9mirats arabes unis\">\u00c9mirats arabes unis<\/option><option value=\"Estonie\">Estonie<\/option><option value=\"France\">France<\/option><option value=\"Allemagne\">Allemagne<\/option><option value=\"Japon\">Japon<\/option><option value=\"Iran\">Iran<\/option><option value=\"Irlande\">Irlande<\/option><option value=\"Isra\u00ebl\">Isra\u00ebl<\/option><option value=\"Italie\">Italie<\/option><option value=\"KSA\">KSA<\/option><option value=\"Kowe\u00eft\">Kowe\u00eft<\/option><option value=\"Lettonie\">Lettonie<\/option><option value=\"Liban\">Liban<\/option><option value=\"Lituanie\">Lituanie<\/option><option value=\"Mont\u00e9n\u00e9gro\">Mont\u00e9n\u00e9gro<\/option><option value=\"Hollande\">Hollande<\/option><option value=\"Oman\">Oman<\/option><option value=\"Pologne\">Pologne<\/option><option value=\"Portugal\">Portugal<\/option><option value=\"Qatar\">Qatar<\/option><option value=\"Royaume-Uni\">Royaume-Uni<\/option><option value=\"R\u00e9publique tch\u00e8que\">R\u00e9publique tch\u00e8que<\/option><option value=\"R\u00e9publique slovaque\">R\u00e9publique slovaque<\/option><option value=\"Roumanie\">Roumanie<\/option><option value=\"Russie\">Russie<\/option><option value=\"Serbie\">Serbie<\/option><option value=\"Slov\u00e9nie\">Slov\u00e9nie<\/option><option value=\"Espagne\">Espagne<\/option><option value=\"Suisse\">Suisse<\/option><option value=\"Tunisie\">Tunisie<\/option><option value=\"Hongrie\">Hongrie<\/option><option value=\"Uruguay\">Uruguay<\/option><option value=\"USA\">USA<\/option><option value=\"Autre pays\">Autre pays<\/option><\/select><\/span>\n\t<\/p>\n<\/div>\n<div class=\"row-o2000-50\">\n\t<p>Choisissez votre langue<br \/>\n<span class=\"wpcf7-form-control-wrap\" data-name=\"your-language\"><select class=\"wpcf7-form-control wpcf7-select\" aria-invalid=\"false\" name=\"your-language\"><option value=\"Italien\">Italien<\/option><option value=\"Anglais\">Anglais<\/option><option value=\"Fran\u00e7ais\">Fran\u00e7ais<\/option><option value=\"Allemand\">Allemand<\/option><\/select><\/span>\n\t<\/p>\n<\/div>\n<div class=\"row-o2000-50\">\n\t<p>Faites-nous savoir qui vous \u00eates<br \/>\n<span class=\"wpcf7-form-control-wrap\" data-name=\"your-role\"><select class=\"wpcf7-form-control wpcf7-select\" aria-invalid=\"false\" name=\"your-role\"><option value=\"Agent\">Agent<\/option><option value=\"Client\">Client<\/option><option value=\"Client (B2B)\">Client (B2B)<\/option><option value=\"Boutique\">Boutique<\/option><option value=\"Priv\u00e9\">Priv\u00e9<\/option><option value=\"Designer\">Designer<\/option><\/select><\/span>\n\t<\/p>\n<\/div>\n<div class=\"row-o2000-50\">\n\t<p>Votre email<br \/>\n<span class=\"wpcf7-form-control-wrap\" data-name=\"your-email\"><input size=\"40\" maxlength=\"400\" class=\"wpcf7-form-control wpcf7-email wpcf7-validates-as-required wpcf7-text wpcf7-validates-as-email\" autocomplete=\"email\" aria-required=\"true\" aria-invalid=\"false\" value=\"\" type=\"email\" name=\"your-email\" \/><\/span>\n\t<\/p>\n<\/div>\n<div style=\"clear:both; padding: 0 10px;\">\n\t<p>Message<br \/>\n<span class=\"wpcf7-form-control-wrap\" data-name=\"your-message\"><textarea cols=\"40\" rows=\"10\" maxlength=\"2000\" class=\"wpcf7-form-control wpcf7-textarea\" aria-invalid=\"false\" name=\"your-message\"><\/textarea><\/span>\n\t<\/p>\n<\/div>\n<div style=\"clear:both;\">\n\t<p><span class=\"wpcf7-form-control-wrap\" data-name=\"your-privacy\"><span class=\"wpcf7-form-control wpcf7-acceptance\"><span class=\"wpcf7-list-item\"><label><input type=\"checkbox\" name=\"your-privacy\" value=\"1\" aria-invalid=\"false\" \/><span class=\"wpcf7-list-item-label\">En remplissant ce formulaire, vous acceptez les conditions de notre politique de confidentialit\u00e9 disponible sur notre site web<\/span><\/label><\/span><\/span><\/span>\n\t<\/p>\n<\/div>\n<div style=\"clear:both;\">\n\t<p><span class=\"wpcf7-form-control-wrap\" data-name=\"acceptance-258\"><span class=\"wpcf7-form-control wpcf7-acceptance optional\"><span class=\"wpcf7-list-item\"><label><input type=\"checkbox\" name=\"acceptance-258\" value=\"1\" aria-invalid=\"false\" \/><span class=\"wpcf7-list-item-label\">En remplissant ce formulaire, vous acceptez d'\u00eatre inscrit \u00e0 notre liste de diffusion<\/span><\/label><\/span><\/span><\/span>\n\t<\/p>\n<\/div>\n<p><span id=\"wpcf7-69e76b8c0e928-wrapper\" class=\"wpcf7-form-control-wrap honeypot-126-wrap\" style=\"display:none !important; visibility:hidden !important;\"><input type=\"hidden\" name=\"honeypot-126-time-start\" value=\"1776774028\"><input type=\"hidden\" name=\"honeypot-126-time-check\" value=\"4\"><label for=\"wpcf7-69e76b8c0e928-field\" class=\"hp-message\">Veuillez laisser ce champ vide.<\/label><input id=\"wpcf7-69e76b8c0e928-field\"  class=\"wpcf7-form-control wpcf7-text\" type=\"text\" name=\"honeypot-126\" value=\"\" size=\"40\" tabindex=\"-1\" autocomplete=\"new-password\" \/><\/span>\n<\/p>\n<p><input class=\"wpcf7-form-control wpcf7-submit has-spinner\" type=\"submit\" value=\"Envoyer\" \/>\n<\/p><p style=\"display: none !important;\" class=\"akismet-fields-container\" data-prefix=\"_wpcf7_ak_\"><label>&#916;<textarea name=\"_wpcf7_ak_hp_textarea\" cols=\"45\" rows=\"8\" maxlength=\"100\"><\/textarea><\/label><input type=\"hidden\" id=\"ak_js_1\" name=\"_wpcf7_ak_js\" value=\"38\"\/><script>document.getElementById( \"ak_js_1\" ).setAttribute( \"value\", ( new Date() ).getTime() );<\/script><\/p><div class=\"wpcf7-response-output\" aria-hidden=\"true\"><\/div>\n<\/form>\n<\/div>\n<\/div>\n\t\t\t\t<\/div>\n\t\t\t\t<\/div>\n\t\t\t\t\t<\/div>\n\t\t<\/div>\n\t\t\t\t\t<\/div>\n\t\t<\/section>\n\t\t\t\t<section class=\"elementor-section elementor-top-section elementor-element elementor-element-096e3d7 elementor-section-full_width elementor-section-height-default elementor-section-height-default\" data-id=\"096e3d7\" data-element_type=\"section\">\n\t\t\t\t\t\t<div class=\"elementor-container elementor-column-gap-no\">\n\t\t\t\t\t<div class=\"elementor-column elementor-col-100 elementor-top-column elementor-element elementor-element-b24a59b\" data-id=\"b24a59b\" data-element_type=\"column\">\n\t\t\t<div class=\"elementor-widget-wrap elementor-element-populated\">\n\t\t\t\t\t\t<div class=\"elementor-element elementor-element-4aa45c1 elementor-widget elementor-widget-template\" data-id=\"4aa45c1\" data-element_type=\"widget\" data-widget_type=\"template.default\">\n\t\t\t\t<div class=\"elementor-widget-container\">\n\t\t\t\t\t<div class=\"elementor-template\">\n\t\t\t\t\t<div data-elementor-type=\"section\" data-elementor-id=\"3855\" class=\"elementor elementor-3855\" data-elementor-post-type=\"elementor_library\">\n\t\t\t\t\t<section class=\"elementor-section elementor-top-section elementor-element elementor-element-ae59101 elementor-section-content-middle elementor-section-boxed elementor-section-height-default elementor-section-height-default\" data-id=\"ae59101\" data-element_type=\"section\" data-settings=\"{&quot;background_background&quot;:&quot;classic&quot;}\">\n\t\t\t\t\t\t<div class=\"elementor-container elementor-column-gap-extended\">\n\t\t\t\t\t<div class=\"elementor-column elementor-col-100 elementor-top-column elementor-element elementor-element-6724354\" data-id=\"6724354\" data-element_type=\"column\">\n\t\t\t<div class=\"elementor-widget-wrap elementor-element-populated\">\n\t\t\t\t\t\t<div class=\"elementor-element elementor-element-c05c6f0 elementor-widget elementor-widget-image\" data-id=\"c05c6f0\" data-element_type=\"widget\" data-widget_type=\"image.default\">\n\t\t\t\t<div class=\"elementor-widget-container\">\n\t\t\t\t\t\t\t\t\t\t\t\t\t\t<a href=\"#elementor-action%3Aaction%3Dpopup%3Aopen%26settings%3DeyJpZCI6IjM4NDkiLCJ0b2dnbGUiOmZhbHNlfQ%3D%3D\" target=\"_blank\">\n\t\t\t\t\t\t\t<img decoding=\"async\" src=\"https:\/\/www.elesi-luce.com\/fr\/wp-content\/uploads\/sites\/4\/elementor\/thumbs\/Logo-Elesi-Bianco-qxx2s6ieph2vs8krexmohpw5ntdbe1w85i7qj2o5j4.png\" title=\"Logo Elesi Bianco\" alt=\"Logo Elesi Bianco\" loading=\"lazy\" \/>\t\t\t\t\t\t\t\t<\/a>\n\t\t\t\t\t\t\t\t\t\t\t\t\t<\/div>\n\t\t\t\t<\/div>\n\t\t\t\t<div class=\"elementor-element elementor-element-aeb81dd elementor-widget elementor-widget-heading\" data-id=\"aeb81dd\" data-element_type=\"widget\" data-widget_type=\"heading.default\">\n\t\t\t\t<div class=\"elementor-widget-container\">\n\t\t\t<p class=\"elementor-heading-title elementor-size-default\">Restez toujours inform\u00e9 des derni\u00e8res nouveaut\u00e9s.<\/p>\t\t<\/div>\n\t\t\t\t<\/div>\n\t\t\t\t<div class=\"elementor-element elementor-element-6c41403 elementor-align-center elementor-widget elementor-widget-button\" data-id=\"6c41403\" data-element_type=\"widget\" data-widget_type=\"button.default\">\n\t\t\t\t<div class=\"elementor-widget-container\">\n\t\t\t\t\t\t\t<div class=\"elementor-button-wrapper\">\n\t\t\t\t\t<a class=\"elementor-button elementor-button-link elementor-size-lg\" href=\"#elementor-action%3Aaction%3Dpopup%3Aopen%26settings%3DeyJpZCI6IjM4NDkiLCJ0b2dnbGUiOmZhbHNlfQ%3D%3D\">\n\t\t\t\t\t\t<span class=\"elementor-button-content-wrapper\">\n\t\t\t\t\t\t\t\t\t<span class=\"elementor-button-text\">INSCRIVEZ-VOUS \u00c0 LA NEWSLETTER<\/span>\n\t\t\t\t\t<\/span>\n\t\t\t\t\t<\/a>\n\t\t\t\t<\/div>\n\t\t\t\t\t\t<\/div>\n\t\t\t\t<\/div>\n\t\t\t\t\t<\/div>\n\t\t<\/div>\n\t\t\t\t\t<\/div>\n\t\t<\/section>\n\t\t\t\t<\/div>\n\t\t\t\t<\/div>\n\t\t\t\t<\/div>\n\t\t\t\t<\/div>\n\t\t\t\t\t<\/div>\n\t\t<\/div>\n\t\t\t\t\t<\/div>\n\t\t<\/section>\n\t\t\t\t<\/div>\n\t\t","protected":false},"excerpt":{"rendered":"<p>Venez nous rendre visite ou contactez-nous Remplissez le formulaire pour toute demande. Nous serons ravis de vous r\u00e9pondre.<\/p>\n","protected":false},"author":2,"featured_media":0,"parent":0,"menu_order":0,"comment_status":"closed","ping_status":"closed","template":"elementor_header_footer","meta":{"footnotes":""},"class_list":["post-2309","page","type-page","status-publish"],"yoast_head":"<!-- This site is optimized with the Yoast SEO plugin v23.8 - https:\/\/yoast.com\/wordpress\/plugins\/seo\/ -->\n<title>Contact us - Elesi Luce<\/title>\n<meta name=\"robots\" content=\"index, follow, max-snippet:-1, max-image-preview:large, max-video-preview:-1\" \/>\n<link rel=\"canonical\" href=\"https:\/\/www.elesi-luce.com\/fr\/contact-us\/\" \/>\n<meta property=\"og:locale\" content=\"fr_FR\" \/>\n<meta property=\"og:type\" content=\"article\" \/>\n<meta property=\"og:title\" content=\"Contact us - Elesi Luce\" \/>\n<meta property=\"og:description\" content=\"Venez nous rendre visite ou contactez-nous Remplissez le formulaire pour toute demande. Nous serons ravis de vous r\u00e9pondre.\" \/>\n<meta property=\"og:url\" content=\"https:\/\/www.elesi-luce.com\/fr\/contact-us\/\" \/>\n<meta property=\"og:site_name\" content=\"Elesi Luce\" \/>\n<meta property=\"article:modified_time\" content=\"2025-02-03T16:54:35+00:00\" \/>\n<meta name=\"twitter:card\" content=\"summary_large_image\" \/>\n<meta name=\"twitter:label1\" content=\"Dur\u00e9e de lecture estim\u00e9e\" \/>\n\t<meta name=\"twitter:data1\" content=\"1 minute\" \/>\n<script type=\"application\/ld+json\" class=\"yoast-schema-graph\">{\"@context\":\"https:\/\/schema.org\",\"@graph\":[{\"@type\":\"WebPage\",\"@id\":\"https:\/\/www.elesi-luce.com\/fr\/contact-us\/\",\"url\":\"https:\/\/www.elesi-luce.com\/fr\/contact-us\/\",\"name\":\"Contact us - Elesi Luce\",\"isPartOf\":{\"@id\":\"https:\/\/www.elesi-luce.com\/fr\/#website\"},\"datePublished\":\"2021-10-20T14:06:10+00:00\",\"dateModified\":\"2025-02-03T16:54:35+00:00\",\"breadcrumb\":{\"@id\":\"https:\/\/www.elesi-luce.com\/fr\/contact-us\/#breadcrumb\"},\"inLanguage\":\"fr-FR\",\"potentialAction\":[{\"@type\":\"ReadAction\",\"target\":[\"https:\/\/www.elesi-luce.com\/fr\/contact-us\/\"]}]},{\"@type\":\"BreadcrumbList\",\"@id\":\"https:\/\/www.elesi-luce.com\/fr\/contact-us\/#breadcrumb\",\"itemListElement\":[{\"@type\":\"ListItem\",\"position\":1,\"name\":\"Home\",\"item\":\"https:\/\/www.elesi-luce.com\/fr\/\"},{\"@type\":\"ListItem\",\"position\":2,\"name\":\"Contact us\"}]},{\"@type\":\"WebSite\",\"@id\":\"https:\/\/www.elesi-luce.com\/fr\/#website\",\"url\":\"https:\/\/www.elesi-luce.com\/fr\/\",\"name\":\"Elesi Luce\",\"description\":\"Handcrafted production of designer lamps\",\"publisher\":{\"@id\":\"https:\/\/www.elesi-luce.com\/fr\/#organization\"},\"potentialAction\":[{\"@type\":\"SearchAction\",\"target\":{\"@type\":\"EntryPoint\",\"urlTemplate\":\"https:\/\/www.elesi-luce.com\/fr\/?s={search_term_string}\"},\"query-input\":{\"@type\":\"PropertyValueSpecification\",\"valueRequired\":true,\"valueName\":\"search_term_string\"}}],\"inLanguage\":\"fr-FR\"},{\"@type\":\"Organization\",\"@id\":\"https:\/\/www.elesi-luce.com\/fr\/#organization\",\"name\":\"Elesi Luce\",\"url\":\"https:\/\/www.elesi-luce.com\/fr\/\",\"logo\":{\"@type\":\"ImageObject\",\"inLanguage\":\"fr-FR\",\"@id\":\"https:\/\/www.elesi-luce.com\/fr\/#\/schema\/logo\/image\/\",\"url\":\"https:\/\/www.elesi-luce.com\/fr\/wp-content\/uploads\/sites\/4\/2021\/09\/ELESI-LUCE-logo.png\",\"contentUrl\":\"https:\/\/www.elesi-luce.com\/fr\/wp-content\/uploads\/sites\/4\/2021\/09\/ELESI-LUCE-logo.png\",\"width\":250,\"height\":54,\"caption\":\"Elesi Luce\"},\"image\":{\"@id\":\"https:\/\/www.elesi-luce.com\/fr\/#\/schema\/logo\/image\/\"}}]}<\/script>\n<!-- \/ Yoast SEO plugin. -->","yoast_head_json":{"title":"Contact us - Elesi Luce","robots":{"index":"index","follow":"follow","max-snippet":"max-snippet:-1","max-image-preview":"max-image-preview:large","max-video-preview":"max-video-preview:-1"},"canonical":"https:\/\/www.elesi-luce.com\/fr\/contact-us\/","og_locale":"fr_FR","og_type":"article","og_title":"Contact us - Elesi Luce","og_description":"Venez nous rendre visite ou contactez-nous Remplissez le formulaire pour toute demande. Nous serons ravis de vous r\u00e9pondre.","og_url":"https:\/\/www.elesi-luce.com\/fr\/contact-us\/","og_site_name":"Elesi Luce","article_modified_time":"2025-02-03T16:54:35+00:00","twitter_card":"summary_large_image","twitter_misc":{"Dur\u00e9e de lecture estim\u00e9e":"1 minute"},"schema":{"@context":"https:\/\/schema.org","@graph":[{"@type":"WebPage","@id":"https:\/\/www.elesi-luce.com\/fr\/contact-us\/","url":"https:\/\/www.elesi-luce.com\/fr\/contact-us\/","name":"Contact us - Elesi Luce","isPartOf":{"@id":"https:\/\/www.elesi-luce.com\/fr\/#website"},"datePublished":"2021-10-20T14:06:10+00:00","dateModified":"2025-02-03T16:54:35+00:00","breadcrumb":{"@id":"https:\/\/www.elesi-luce.com\/fr\/contact-us\/#breadcrumb"},"inLanguage":"fr-FR","potentialAction":[{"@type":"ReadAction","target":["https:\/\/www.elesi-luce.com\/fr\/contact-us\/"]}]},{"@type":"BreadcrumbList","@id":"https:\/\/www.elesi-luce.com\/fr\/contact-us\/#breadcrumb","itemListElement":[{"@type":"ListItem","position":1,"name":"Home","item":"https:\/\/www.elesi-luce.com\/fr\/"},{"@type":"ListItem","position":2,"name":"Contact us"}]},{"@type":"WebSite","@id":"https:\/\/www.elesi-luce.com\/fr\/#website","url":"https:\/\/www.elesi-luce.com\/fr\/","name":"Elesi Luce","description":"Handcrafted production of designer lamps","publisher":{"@id":"https:\/\/www.elesi-luce.com\/fr\/#organization"},"potentialAction":[{"@type":"SearchAction","target":{"@type":"EntryPoint","urlTemplate":"https:\/\/www.elesi-luce.com\/fr\/?s={search_term_string}"},"query-input":{"@type":"PropertyValueSpecification","valueRequired":true,"valueName":"search_term_string"}}],"inLanguage":"fr-FR"},{"@type":"Organization","@id":"https:\/\/www.elesi-luce.com\/fr\/#organization","name":"Elesi Luce","url":"https:\/\/www.elesi-luce.com\/fr\/","logo":{"@type":"ImageObject","inLanguage":"fr-FR","@id":"https:\/\/www.elesi-luce.com\/fr\/#\/schema\/logo\/image\/","url":"https:\/\/www.elesi-luce.com\/fr\/wp-content\/uploads\/sites\/4\/2021\/09\/ELESI-LUCE-logo.png","contentUrl":"https:\/\/www.elesi-luce.com\/fr\/wp-content\/uploads\/sites\/4\/2021\/09\/ELESI-LUCE-logo.png","width":250,"height":54,"caption":"Elesi Luce"},"image":{"@id":"https:\/\/www.elesi-luce.com\/fr\/#\/schema\/logo\/image\/"}}]}},"_links":{"self":[{"href":"https:\/\/www.elesi-luce.com\/fr\/wp-json\/wp\/v2\/pages\/2309","targetHints":{"allow":["GET"]}}],"collection":[{"href":"https:\/\/www.elesi-luce.com\/fr\/wp-json\/wp\/v2\/pages"}],"about":[{"href":"https:\/\/www.elesi-luce.com\/fr\/wp-json\/wp\/v2\/types\/page"}],"author":[{"embeddable":true,"href":"https:\/\/www.elesi-luce.com\/fr\/wp-json\/wp\/v2\/users\/2"}],"replies":[{"embeddable":true,"href":"https:\/\/www.elesi-luce.com\/fr\/wp-json\/wp\/v2\/comments?post=2309"}],"version-history":[{"count":103,"href":"https:\/\/www.elesi-luce.com\/fr\/wp-json\/wp\/v2\/pages\/2309\/revisions"}],"predecessor-version":[{"id":5523,"href":"https:\/\/www.elesi-luce.com\/fr\/wp-json\/wp\/v2\/pages\/2309\/revisions\/5523"}],"wp:attachment":[{"href":"https:\/\/www.elesi-luce.com\/fr\/wp-json\/wp\/v2\/media?parent=2309"}],"curies":[{"name":"wp","href":"https:\/\/api.w.org\/{rel}","templated":true}]}}